{"id":2002,"date":"2021-02-15T22:59:39","date_gmt":"2021-02-15T21:59:39","guid":{"rendered":"https:\/\/www.hotel-thalassa.com\/rechtliche-hinweise\/"},"modified":"2021-02-15T22:59:39","modified_gmt":"2021-02-15T21:59:39","slug":"rechtliche-hinweise","status":"publish","type":"page","link":"https:\/\/www.hotel-thalassa.com\/de\/rechtliche-hinweise\/","title":{"rendered":"Rechtliche Hinweise"},"content":{"rendered":"<p>URL: https:\/\/www.hotel-thalassa.com<\/p>\n<p>Firma, Organisation: Le Thalassa H\u00f4tel &amp; Spa<\/p>\n<p>Hauptsitz :<\/p>\n<p>12 Quai du Styvel<\/p>\n<p>29570 Camaret sur Mer &#8211; FRANKREICH<\/p>\n<p>Tel: 02 98 27 86 44<\/p>\n<p>contact@hotel-thalassa.com<\/p>\n<p>\u00d6ffentliches Kapital: 38.112,25 EURO<\/p>\n<p>Umsatzsteuer-Identifikationsnummer: FR 933 432 33169<\/p>\n<p>SIRET: 343 233 169 000 14<\/p>\n<p>Ziel der Website: Werbung f\u00fcr die Einrichtung<\/p>\n<p>Leiter der Ver\u00f6ffentlichung, gesetzlicher Vertreter: M. Vivien MOREAU<\/p>\n<p>Redaktionsleiter: Herr Vivien MOREAU<\/p>\n<p>Webmaster, Design, Publishing, Art Direction: Webmarketing Performance<\/p>\n<p>Webhosting: WPSERVEUR, 134 Avenue du pr\u00e9sident Wilson, 93100, Montreuil (im Handelsregister von Bobigny unter der Nummer 808 840 474 eingetragenes Unternehmen).<\/p>\n<p>Die Seite enth\u00e4lt :<\/p>\n<p>\u25cf Informativer Inhalt<\/p>\n<p>\u25cf Online-Erhebung von pers\u00f6nlichen Daten<\/p>\n<p>Allgemeine Datenschutzverordnung: Die Website ist bei der Commission Nationale de l&#8217;Informatique et Libert\u00e9 (franz\u00f6sische Datenschutzbeh\u00f6rde) registriert. Sie haben das Recht, auf Informationen \u00fcber Sie zuzugreifen, diese zu \u00e4ndern, zu korrigieren oder zu l\u00f6schen (Art. 34 des Gesetzes \u00fcber Informatik und Freiheiten (RGPD)). Um dieses Recht auszu\u00fcben, wenden Sie sich bitte an: contact@hotel-thalassa.com<\/p>\n<p>Eigentum: Die Website und die darin enthaltenen Informationen sind durch den franz\u00f6sischen Code de la propri\u00e9t\u00e9 intellectuelle sowie durch internationale Abkommen gesch\u00fctzt. Mit Ausnahme der privaten Nutzung oder der Nutzung im engen Familienkreis d\u00fcrfen die Sites und Inhalte nicht ohne die vorherige Genehmigung der betreffenden Partei vervielf\u00e4ltigt, neu ver\u00f6ffentlicht, neu transkribiert, ver\u00e4ndert oder \u00fcbertragen werden. Weitere Informationen finden Sie in der <a href=\"https:\/\/www.hotel-thalassa.com\/politique-de-confidentialite\/\">Datenschutzrichtlinie<\/a>.<\/p>\n<p>&nbsp;<\/p>\n","protected":false},"excerpt":{"rendered":"<p>URL: https:\/\/www.hotel-thalassa.com Firma, Organisation: Le Thalassa H\u00f4tel &amp; Spa Hauptsitz : 12 Quai du Styvel 29570 Camaret sur Mer &#8211; FRANKREICH Tel: 02 98 27 86 44 contact@hotel-thalassa.com \u00d6ffentliches Kapital: 38.112,25 EURO Umsatzsteuer-Identifikationsnummer: FR 933 432 33169 SIRET: 343 233 169 000 14 Ziel der Website: Werbung f\u00fcr die Einrichtung Leiter der Ver\u00f6ffentlichung, gesetzlicher Vertreter: [&hellip;]<\/p>\n","protected":false},"author":2,"featured_media":0,"parent":0,"menu_order":0,"comment_status":"closed","ping_status":"closed","template":"","meta":{"_et_pb_use_builder":"","_et_pb_old_content":"","_et_gb_content_width":"","_exactmetrics_skip_tracking":false,"_exactmetrics_sitenote_active":false,"_exactmetrics_sitenote_note":"","_exactmetrics_sitenote_category":0,"footnotes":""},"class_list":["post-2002","page","type-page","status-publish","hentry"],"yoast_head":"<!-- This site is optimized with the Yoast SEO plugin v26.5 - https:\/\/yoast.com\/wordpress\/plugins\/seo\/ -->\n<title>Rechtliche Hinweise - H\u00f4tel Thalassa Camaret<\/title>\n<meta name=\"robots\" content=\"index, follow, max-snippet:-1, max-image-preview:large, max-video-preview:-1\" \/>\n<link rel=\"canonical\" href=\"https:\/\/www.hotel-thalassa.com\/rechtliche-hinweise\/\" \/>\n<meta property=\"og:locale\" content=\"de_DE\" \/>\n<meta property=\"og:type\" content=\"article\" \/>\n<meta property=\"og:title\" content=\"Rechtliche Hinweise - H\u00f4tel Thalassa Camaret\" \/>\n<meta property=\"og:description\" content=\"URL: https:\/\/www.hotel-thalassa.com Firma, Organisation: Le Thalassa H\u00f4tel &amp; Spa Hauptsitz : 12 Quai du Styvel 29570 Camaret sur Mer &#8211; FRANKREICH Tel: 02 98 27 86 44 contact@hotel-thalassa.com \u00d6ffentliches Kapital: 38.112,25 EURO Umsatzsteuer-Identifikationsnummer: FR 933 432 33169 SIRET: 343 233 169 000 14 Ziel der Website: Werbung f\u00fcr die Einrichtung Leiter der Ver\u00f6ffentlichung, gesetzlicher Vertreter: [&hellip;]\" \/>\n<meta property=\"og:url\" content=\"https:\/\/www.hotel-thalassa.com\/rechtliche-hinweise\/\" \/>\n<meta property=\"og:site_name\" content=\"H\u00f4tel Thalassa Camaret\" \/>\n<meta name=\"twitter:card\" content=\"summary_large_image\" \/>\n<meta name=\"twitter:label1\" content=\"Gesch\u00e4tzte Lesezeit\" \/>\n\t<meta name=\"twitter:data1\" content=\"1\u00a0Minute\" \/>\n<script type=\"application\/ld+json\" class=\"yoast-schema-graph\">{\"@context\":\"https:\/\/schema.org\",\"@graph\":[{\"@type\":\"WebPage\",\"@id\":\"https:\/\/www.hotel-thalassa.com\/rechtliche-hinweise\/\",\"url\":\"https:\/\/www.hotel-thalassa.com\/rechtliche-hinweise\/\",\"name\":\"Rechtliche Hinweise - H\u00f4tel Thalassa Camaret\",\"isPartOf\":{\"@id\":\"https:\/\/www.hotel-thalassa.com\/#website\"},\"datePublished\":\"2021-02-15T21:59:39+00:00\",\"breadcrumb\":{\"@id\":\"https:\/\/www.hotel-thalassa.com\/rechtliche-hinweise\/#breadcrumb\"},\"inLanguage\":\"de\",\"potentialAction\":[{\"@type\":\"ReadAction\",\"target\":[\"https:\/\/www.hotel-thalassa.com\/rechtliche-hinweise\/\"]}]},{\"@type\":\"BreadcrumbList\",\"@id\":\"https:\/\/www.hotel-thalassa.com\/rechtliche-hinweise\/#breadcrumb\",\"itemListElement\":[{\"@type\":\"ListItem\",\"position\":1,\"name\":\"Home\",\"item\":\"https:\/\/www.hotel-thalassa.com\/de\/startseite\/\"},{\"@type\":\"ListItem\",\"position\":2,\"name\":\"Rechtliche Hinweise\"}]},{\"@type\":\"WebSite\",\"@id\":\"https:\/\/www.hotel-thalassa.com\/#website\",\"url\":\"https:\/\/www.hotel-thalassa.com\/\",\"name\":\"H\u00f4tel Thalassa Camaret\",\"description\":\"H\u00f4tel Spa *** et Restaurant\",\"potentialAction\":[{\"@type\":\"SearchAction\",\"target\":{\"@type\":\"EntryPoint\",\"urlTemplate\":\"https:\/\/www.hotel-thalassa.com\/?s={search_term_string}\"},\"query-input\":{\"@type\":\"PropertyValueSpecification\",\"valueRequired\":true,\"valueName\":\"search_term_string\"}}],\"inLanguage\":\"de\"}]}<\/script>\n<!-- \/ Yoast SEO plugin. -->","yoast_head_json":{"title":"Rechtliche Hinweise - H\u00f4tel Thalassa Camaret","robots":{"index":"index","follow":"follow","max-snippet":"max-snippet:-1","max-image-preview":"max-image-preview:large","max-video-preview":"max-video-preview:-1"},"canonical":"https:\/\/www.hotel-thalassa.com\/rechtliche-hinweise\/","og_locale":"de_DE","og_type":"article","og_title":"Rechtliche Hinweise - H\u00f4tel Thalassa Camaret","og_description":"URL: https:\/\/www.hotel-thalassa.com Firma, Organisation: Le Thalassa H\u00f4tel &amp; Spa Hauptsitz : 12 Quai du Styvel 29570 Camaret sur Mer &#8211; FRANKREICH Tel: 02 98 27 86 44 contact@hotel-thalassa.com \u00d6ffentliches Kapital: 38.112,25 EURO Umsatzsteuer-Identifikationsnummer: FR 933 432 33169 SIRET: 343 233 169 000 14 Ziel der Website: Werbung f\u00fcr die Einrichtung Leiter der Ver\u00f6ffentlichung, gesetzlicher Vertreter: [&hellip;]","og_url":"https:\/\/www.hotel-thalassa.com\/rechtliche-hinweise\/","og_site_name":"H\u00f4tel Thalassa Camaret","twitter_card":"summary_large_image","twitter_misc":{"Gesch\u00e4tzte Lesezeit":"1\u00a0Minute"},"schema":{"@context":"https:\/\/schema.org","@graph":[{"@type":"WebPage","@id":"https:\/\/www.hotel-thalassa.com\/rechtliche-hinweise\/","url":"https:\/\/www.hotel-thalassa.com\/rechtliche-hinweise\/","name":"Rechtliche Hinweise - H\u00f4tel Thalassa Camaret","isPartOf":{"@id":"https:\/\/www.hotel-thalassa.com\/#website"},"datePublished":"2021-02-15T21:59:39+00:00","breadcrumb":{"@id":"https:\/\/www.hotel-thalassa.com\/rechtliche-hinweise\/#breadcrumb"},"inLanguage":"de","potentialAction":[{"@type":"ReadAction","target":["https:\/\/www.hotel-thalassa.com\/rechtliche-hinweise\/"]}]},{"@type":"BreadcrumbList","@id":"https:\/\/www.hotel-thalassa.com\/rechtliche-hinweise\/#breadcrumb","itemListElement":[{"@type":"ListItem","position":1,"name":"Home","item":"https:\/\/www.hotel-thalassa.com\/de\/startseite\/"},{"@type":"ListItem","position":2,"name":"Rechtliche Hinweise"}]},{"@type":"WebSite","@id":"https:\/\/www.hotel-thalassa.com\/#website","url":"https:\/\/www.hotel-thalassa.com\/","name":"H\u00f4tel Thalassa Camaret","description":"H\u00f4tel Spa *** et Restaurant","potentialAction":[{"@type":"SearchAction","target":{"@type":"EntryPoint","urlTemplate":"https:\/\/www.hotel-thalassa.com\/?s={search_term_string}"},"query-input":{"@type":"PropertyValueSpecification","valueRequired":true,"valueName":"search_term_string"}}],"inLanguage":"de"}]}},"_links":{"self":[{"href":"https:\/\/www.hotel-thalassa.com\/de\/wp-json\/wp\/v2\/pages\/2002","targetHints":{"allow":["GET"]}}],"collection":[{"href":"https:\/\/www.hotel-thalassa.com\/de\/wp-json\/wp\/v2\/pages"}],"about":[{"href":"https:\/\/www.hotel-thalassa.com\/de\/wp-json\/wp\/v2\/types\/page"}],"author":[{"embeddable":true,"href":"https:\/\/www.hotel-thalassa.com\/de\/wp-json\/wp\/v2\/users\/2"}],"replies":[{"embeddable":true,"href":"https:\/\/www.hotel-thalassa.com\/de\/wp-json\/wp\/v2\/comments?post=2002"}],"version-history":[{"count":0,"href":"https:\/\/www.hotel-thalassa.com\/de\/wp-json\/wp\/v2\/pages\/2002\/revisions"}],"wp:attachment":[{"href":"https:\/\/www.hotel-thalassa.com\/de\/wp-json\/wp\/v2\/media?parent=2002"}],"curies":[{"name":"wp","href":"https:\/\/api.w.org\/{rel}","templated":true}]}}